{"id":35,"date":"2023-01-16T11:48:03","date_gmt":"2023-01-16T10:48:03","guid":{"rendered":"http:\/\/saulepe.cluster031.hosting.ovh.net\/?page_id=35"},"modified":"2024-06-13T15:17:41","modified_gmt":"2024-06-13T13:17:41","slug":"postproduction","status":"publish","type":"page","link":"https:\/\/sauleproductions.fr\/?page_id=35","title":{"rendered":"Postproduction"},"content":{"rendered":"\n<div class=\"wp-block-columns alignwide is-layout-flex wp-container-core-columns-is-layout-9d6595d7 wp-block-columns-is-layout-flex\">\n<div class=\"wp-block-column is-layout-flow wp-block-column-is-layout-flow\">\n<p>Nous accueillons dans nos locaux le montage image de longs et courts-m\u00e9trages documentaires et de fiction. La salle de montage, large et lumineuse, est enti\u00e8rement \u00e9quip\u00e9e et re\u00e7oit une connexion internet haut d\u00e9bit. La vue et l&rsquo;acc\u00e8s \u00e0 un jardin fleuri et la proximit\u00e9 de la Marne offrent un cadre id\u00e9al de travail et de concentration.<\/p>\n\n\n\n<p>Situ\u00e9 en bord de Marne au coeur de Ch\u00e2teau-Thierry (Aisne, Hauts-de-France), le local est proche de toutes les commodit\u00e9s &#8211; restaurants, supermarch\u00e9s, boulangeries, commerces de centre-ville. La gare SNCF est \u00e0 15 minutes \u00e0 pieds ou 5 minutes en bus. Le TER relie Ch\u00e2teau-Thierry \u00e0 Paris Gare de l&rsquo;Est en 50 minutes, \u00e0 Meaux en 40 minutes, \u00e0 \u00c9pernay en 25 minutes, \u00e0 Reims en 1 heure.<\/p>\n\n\n\n<p>Ville natale de Jean de la Fontaine, entour\u00e9e de vignes de Champagne, Ch\u00e2teau-Thierry, h\u00e9berge plusieurs mus\u00e9es, une grande m\u00e9diath\u00e8que, un cin\u00e9ma th\u00e9\u00e2tre, un ch\u00e2teau m\u00e9di\u00e9val, un centre d&rsquo;art qui accueille entre autres l&rsquo;\u00c9changeur CDCN de danse&#8230; autant d&rsquo;atouts pour un territoire en plein d\u00e9veloppement \u00e9conomique et culturel.<\/p>\n\n\n\n<p><a href=\"https:\/\/sauleproductions.fr\/?page_id=73\" data-type=\"page\" data-id=\"73\">Nous contacter<\/a><\/p>\n<\/div>\n<\/div>\n\n\n\n<figure class=\"wp-block-gallery alignwide has-nested-images columns-default is-cropped wp-block-gallery-1 is-layout-flex wp-block-gallery-is-layout-flex\">\n<figure class=\"wp-block-image size-large\"><img loading=\"lazy\" decoding=\"async\" width=\"860\" height=\"560\" data-id=\"105\" src=\"http:\/\/saulepe.cluster031.hosting.ovh.net\/wp-content\/uploads\/2023\/01\/Balade-sur-les-bords-de-Marne-a-Chateau-Thierry.jpeg\" alt=\"\" class=\"wp-image-105\" srcset=\"https:\/\/sauleproductions.fr\/wp-content\/uploads\/2023\/01\/Balade-sur-les-bords-de-Marne-a-Chateau-Thierry.jpeg 860w, https:\/\/sauleproductions.fr\/wp-content\/uploads\/2023\/01\/Balade-sur-les-bords-de-Marne-a-Chateau-Thierry-300x195.jpeg 300w, https:\/\/sauleproductions.fr\/wp-content\/uploads\/2023\/01\/Balade-sur-les-bords-de-Marne-a-Chateau-Thierry-768x500.jpeg 768w\" sizes=\"auto, (max-width: 860px) 100vw, 860px\" \/><\/figure>\n\n\n\n<figure class=\"wp-block-image size-large\"><img loading=\"lazy\" decoding=\"async\" width=\"1024\" height=\"678\" data-id=\"108\" src=\"http:\/\/saulepe.cluster031.hosting.ovh.net\/wp-content\/uploads\/2023\/01\/cinema-theatre.jpeg\" alt=\"\" class=\"wp-image-108\" srcset=\"https:\/\/sauleproductions.fr\/wp-content\/uploads\/2023\/01\/cinema-theatre.jpeg 1024w, https:\/\/sauleproductions.fr\/wp-content\/uploads\/2023\/01\/cinema-theatre-300x199.jpeg 300w, https:\/\/sauleproductions.fr\/wp-content\/uploads\/2023\/01\/cinema-theatre-768x509.jpeg 768w\" sizes=\"auto, (max-width: 1024px) 100vw, 1024px\" \/><\/figure>\n\n\n\n<figure class=\"wp-block-image size-large\"><img loading=\"lazy\" decoding=\"async\" width=\"1000\" height=\"462\" data-id=\"36\" src=\"http:\/\/saulepe.cluster031.hosting.ovh.net\/wp-content\/uploads\/2023\/01\/02-26-05-residence-mission-artistique-et-culturelle-chateau-thierry-jacky-d-shutterstock-1347565304-643728390148-e1622100435437.jpeg\" alt=\"Ch\u00e2teau-Thierry\" class=\"wp-image-36\" srcset=\"https:\/\/sauleproductions.fr\/wp-content\/uploads\/2023\/01\/02-26-05-residence-mission-artistique-et-culturelle-chateau-thierry-jacky-d-shutterstock-1347565304-643728390148-e1622100435437.jpeg 1000w, https:\/\/sauleproductions.fr\/wp-content\/uploads\/2023\/01\/02-26-05-residence-mission-artistique-et-culturelle-chateau-thierry-jacky-d-shutterstock-1347565304-643728390148-e1622100435437-300x139.jpeg 300w, https:\/\/sauleproductions.fr\/wp-content\/uploads\/2023\/01\/02-26-05-residence-mission-artistique-et-culturelle-chateau-thierry-jacky-d-shutterstock-1347565304-643728390148-e1622100435437-768x355.jpeg 768w\" sizes=\"auto, (max-width: 1000px) 100vw, 1000px\" \/><\/figure>\n<\/figure>\n\n\n\n<hr class=\"wp-block-separator alignwide has-alpha-channel-opacity\"\/>\n\n\n\n<div class=\"wp-block-columns alignwide is-layout-flex wp-container-core-columns-is-layout-9d6595d7 wp-block-columns-is-layout-flex\">\n<div class=\"wp-block-column is-layout-flow wp-block-column-is-layout-flow\">\n<h2 class=\"wp-block-heading\">Films accueillis en postproduction<\/h2>\n\n\n\n<div class=\"wp-block-media-text has-media-on-the-right is-stacked-on-mobile\"><div class=\"wp-block-media-text__content\">\n<h2 class=\"wp-block-heading\"><a href=\"https:\/\/sauleproductions.fr\/?page_id=174\" data-type=\"page\" data-id=\"174\">THIAROYE 44<\/a><\/h2>\n\n\n\n<p>Un film de Marie Thomas-Penette et Fran\u00e7ois-Xavier Destors \u2013 Produit par Les Films duSillage \u2013 France 24, Public S\u00e9nat, TV5 Monde \u2013 avec le soutien du CNC, de la Procirep, de Pictanovo \u2013 56\u2019et 75\u2019<\/p>\n\n\n\n<p>\u00c0 l\u2019aube du 1er d\u00e9cembre 1944, \u00e0 Thiaroye dansla banlieue de Dakar, des tirailleurs ouest-africains sont assassin\u00e9s par leurs fr\u00e8res d\u2019armes fran\u00e7ais. Ils venaient d\u2019\u00eatre rapatri\u00e9s apr\u00e8s avoir combattu pendant la Seconde Guerre mondiale. Originaires des lieux du crime, trois jeunes artistes convoquent la m\u00e9moire encore vive d\u2019un massacre colonial trop longtemps \u00e9touff\u00e9.<\/p>\n<\/div><figure class=\"wp-block-media-text__media\"><a href=\"https:\/\/sauleproductions.fr\/?page_id=174\"><img loading=\"lazy\" decoding=\"async\" width=\"595\" height=\"595\" src=\"https:\/\/sauleproductions.fr\/wp-content\/uploads\/2024\/04\/Affiche-Thiaroye-lauriers-1-e1713960562183.png\" alt=\"THIAROYE 44 de Marie THOMAS-PENETTE et Fran\u00e7ois-Xavier DESTORS\" class=\"wp-image-371 size-full\" srcset=\"https:\/\/sauleproductions.fr\/wp-content\/uploads\/2024\/04\/Affiche-Thiaroye-lauriers-1-e1713960562183.png 595w, https:\/\/sauleproductions.fr\/wp-content\/uploads\/2024\/04\/Affiche-Thiaroye-lauriers-1-e1713960562183-300x300.png 300w, https:\/\/sauleproductions.fr\/wp-content\/uploads\/2024\/04\/Affiche-Thiaroye-lauriers-1-e1713960562183-150x150.png 150w\" sizes=\"auto, (max-width: 595px) 100vw, 595px\" \/><\/a><\/figure><\/div>\n\n\n\n<div class=\"wp-block-media-text has-media-on-the-right is-stacked-on-mobile\"><div class=\"wp-block-media-text__content\">\n<h2 class=\"wp-block-heading\"><a href=\"https:\/\/www.adokfilms.ch\/fr\/Prochainement\/didy.htm\" target=\"_blank\" rel=\"noreferrer noopener\">DIDY<\/a> \u2013 teaser<\/h2>\n\n\n\n<p>Un film de Ga\u00ebl Kamilindi et Fran\u00e7ois-Xavier Destors \u2013 Produit par Adok Films &amp; Compagnie des Phares et Balises \u2013 avec le soutien de la Conf\u00e9d\u00e9ration Suisse \u2013 long-m\u00e9trage cin\u00e9ma<\/p>\n\n\n\n<p>Que reste-t-il, trente ans plus tard, du souvenir d\u2019une m\u00e8re qu\u2019un fils n\u2019a pas eu le temps de conna\u00eetre ? Didy est partie \u00e0 l\u2019aube de sa quaranti\u00e8me ann\u00e9e, alors que l\u2019ombre du g\u00e9nocide planait sur le Rwanda. En rencontrant celles et ceux qui l\u2019ont connue, aim\u00e9e et guid\u00e9e, le film part sur ses traces et dresse le portrait de toute une g\u00e9n\u00e9ration de femmes rwandaises qui ont surv\u00e9cu aux guerres et aux g\u00e9nocides, en exil, sans jamais oublier Didy.<\/p>\n<\/div><figure class=\"wp-block-media-text__media\"><a href=\"https:\/\/www.adokfilms.ch\/fr\/Prochainement\/didy.htm\" target=\"_blank\" rel=\"noreferrer noopener\"><img loading=\"lazy\" decoding=\"async\" width=\"1024\" height=\"1024\" src=\"https:\/\/sauleproductions.fr\/wp-content\/uploads\/2024\/04\/PHOTO-2024-03-28-11-47-55-e1712143700653-1024x1024.jpg\" alt=\"didy - un film de Fran\u00e7ois-Xavier Destors et Ga\u00ebl Kamilindi\" class=\"wp-image-364 size-full\" srcset=\"https:\/\/sauleproductions.fr\/wp-content\/uploads\/2024\/04\/PHOTO-2024-03-28-11-47-55-e1712143700653-1024x1024.jpg 1024w, https:\/\/sauleproductions.fr\/wp-content\/uploads\/2024\/04\/PHOTO-2024-03-28-11-47-55-e1712143700653-300x300.jpg 300w, https:\/\/sauleproductions.fr\/wp-content\/uploads\/2024\/04\/PHOTO-2024-03-28-11-47-55-e1712143700653-150x150.jpg 150w, https:\/\/sauleproductions.fr\/wp-content\/uploads\/2024\/04\/PHOTO-2024-03-28-11-47-55-e1712143700653-768x768.jpg 768w, https:\/\/sauleproductions.fr\/wp-content\/uploads\/2024\/04\/PHOTO-2024-03-28-11-47-55-e1712143700653.jpg 1536w\" sizes=\"auto, (max-width: 1024px) 100vw, 1024px\" \/><\/a><\/figure><\/div>\n\n\n\n<div class=\"wp-block-media-text has-media-on-the-right is-stacked-on-mobile\"><div class=\"wp-block-media-text__content\">\n<h2 class=\"wp-block-heading\"><a href=\"http:\/\/www.apachesfilms.fr\/films\/la-tentation-du-panda-roux\/\" target=\"_blank\" rel=\"noreferrer noopener\">LA TENTATION DU PANDA ROUX<\/a><\/h2>\n\n\n\n<p>Un film de Ha\u00efga Jappain, co-\u00e9crit avec Valentine Milville \u2013 Produit par Apaches Films \u2013 avec le soutien de Pictanovo \u2013 24\u2019<\/p>\n\n\n\n<p>Anna, 34 ans, vit le parfait amour avec Marie. Lorsqu\u2019elle apprend qu\u2019elle pr\u00e9sente les signes d\u2019une m\u00e9nopause pr\u00e9coce, Anna se lance dans une course contre la montre, d\u00e9cid\u00e9e \u00e0 faire un enfant au plus vite. Mais Marie, elle, ne veut pas d\u2019enfants, et ce n\u2019est pas la croisade obstin\u00e9e d\u2019Anna pour la convaincre qui aura raison de ses objections\u2026<\/p>\n<\/div><figure class=\"wp-block-media-text__media\"><a href=\"http:\/\/www.apachesfilms.fr\/films\/la-tentation-du-panda-roux\/\" target=\"_blank\" rel=\"noreferrer noopener\"><img loading=\"lazy\" decoding=\"async\" width=\"1024\" height=\"1024\" src=\"https:\/\/sauleproductions.fr\/wp-content\/uploads\/2024\/04\/Affiche-La.Tentation.du_.Panda_.Roux-WEB-RVB-e1712144182604-1024x1024.jpeg\" alt=\"La tentation du panda roux\" class=\"wp-image-367 size-full\" srcset=\"https:\/\/sauleproductions.fr\/wp-content\/uploads\/2024\/04\/Affiche-La.Tentation.du_.Panda_.Roux-WEB-RVB-e1712144182604-1024x1024.jpeg 1024w, https:\/\/sauleproductions.fr\/wp-content\/uploads\/2024\/04\/Affiche-La.Tentation.du_.Panda_.Roux-WEB-RVB-e1712144182604-300x300.jpeg 300w, https:\/\/sauleproductions.fr\/wp-content\/uploads\/2024\/04\/Affiche-La.Tentation.du_.Panda_.Roux-WEB-RVB-e1712144182604-150x150.jpeg 150w, https:\/\/sauleproductions.fr\/wp-content\/uploads\/2024\/04\/Affiche-La.Tentation.du_.Panda_.Roux-WEB-RVB-e1712144182604-768x768.jpeg 768w, https:\/\/sauleproductions.fr\/wp-content\/uploads\/2024\/04\/Affiche-La.Tentation.du_.Panda_.Roux-WEB-RVB-e1712144182604.jpeg 1417w\" sizes=\"auto, (max-width: 1024px) 100vw, 1024px\" \/><\/a><\/figure><\/div>\n<\/div>\n<\/div>\n","protected":false},"excerpt":{"rendered":"<p>Nous accueillons dans nos locaux le montage image de longs et courts-m\u00e9trages documentaires et de fiction. La salle de montage, large et lumineuse, est enti\u00e8rement \u00e9quip\u00e9e et re\u00e7oit une connexion internet haut d\u00e9bit. La vue et l&rsquo;acc\u00e8s \u00e0 un jardin fleuri et la proximit\u00e9 de la Marne offrent un cadre id\u00e9al de travail et de&hellip; <a class=\"more-link\" href=\"https:\/\/sauleproductions.fr\/?page_id=35\">Poursuivre la lecture <span class=\"screen-reader-text\">Postproduction<\/span><\/a><\/p>\n","protected":false},"author":1,"featured_media":0,"parent":5,"menu_order":0,"comment_status":"closed","ping_status":"closed","template":"","meta":{"footnotes":""},"class_list":["post-35","page","type-page","status-publish","hentry","entry"],"_links":{"self":[{"href":"https:\/\/sauleproductions.fr\/index.php?rest_route=\/wp\/v2\/pages\/35","targetHints":{"allow":["GET"]}}],"collection":[{"href":"https:\/\/sauleproductions.fr\/index.php?rest_route=\/wp\/v2\/pages"}],"about":[{"href":"https:\/\/sauleproductions.fr\/index.php?rest_route=\/wp\/v2\/types\/page"}],"author":[{"embeddable":true,"href":"https:\/\/sauleproductions.fr\/index.php?rest_route=\/wp\/v2\/users\/1"}],"replies":[{"embeddable":true,"href":"https:\/\/sauleproductions.fr\/index.php?rest_route=%2Fwp%2Fv2%2Fcomments&post=35"}],"version-history":[{"count":13,"href":"https:\/\/sauleproductions.fr\/index.php?rest_route=\/wp\/v2\/pages\/35\/revisions"}],"predecessor-version":[{"id":445,"href":"https:\/\/sauleproductions.fr\/index.php?rest_route=\/wp\/v2\/pages\/35\/revisions\/445"}],"up":[{"embeddable":true,"href":"https:\/\/sauleproductions.fr\/index.php?rest_route=\/wp\/v2\/pages\/5"}],"wp:attachment":[{"href":"https:\/\/sauleproductions.fr\/index.php?rest_route=%2Fwp%2Fv2%2Fmedia&parent=35"}],"curies":[{"name":"wp","href":"https:\/\/api.w.org\/{rel}","templated":true}]}}